{"id":9422,"date":"2024-11-25T15:52:40","date_gmt":"2024-11-25T15:52:40","guid":{"rendered":"https:\/\/filigrand.de\/?post_type=product&#038;p=9422"},"modified":"2026-04-18T14:08:22","modified_gmt":"2026-04-18T14:08:22","slug":"bezug-fuer-sofa-3-sitzer-chenille","status":"publish","type":"product","link":"https:\/\/filigrand.de\/?product=bezug-fuer-sofa-3-sitzer-chenille","title":{"rendered":"Bezug f\u00fcr Sofa 3-Sitzer Chenille"},"content":{"rendered":"<p>Leicht aufzuziehen und zu fixieren. Der weiche und pflegeleichte Stoff sch\u00fctzt dein Sofa vor Schmutz und Abnutzung. Der Bezug in hochwertiger Qualit\u00e4t mit samtiger Oberfl\u00e4che ist geeignet f\u00fcr alle Arten von 3-Sitzer (mit Polsterfugen) mit einer Gesamtbreite der R\u00fcckenlehne von <strong>160 bis 210 cm<\/strong> (gemessen von Arm zu Arm).<\/p>\n<ul>\n<li>Zusammensetzung: 50% Polyester, 45% Acryl, 5% Elastomer<\/li>\n<li>Waschbar bei 30\u00b0 (nicht trocknergeeignet)<\/li>\n<li>Fixierung mit mitgelieferten Schaumstoff-Sticks und angen\u00e4hten B\u00e4ndern (neues Modell mit separaten Spannern)<\/li>\n<li>Perfekt auch f\u00fcr freistehende M\u00f6bel<\/li>\n<li>Hergestellt in Spanien<\/li>\n<\/ul>\n","protected":false},"excerpt":{"rendered":"<p>zzgl. <span style=\"color: #eaa01e;\"><a style=\"color: #eaa01e;\" href=\"https:\/\/filigrand.de\/?page_id=1028&amp;_gl=1*h8uset*_up*MQ..*_ga*MTk4MDQ0MTEyMC4xNzMwOTA4Mzkx*_ga_0L9NZ5X60B*MTczMDkwODM5MC4xLjEuMTczMDkwODQ2Ny4wLjAuMA..\" target=\"_blank\" rel=\"noopener\">Versandkosten<\/a><\/span><\/p>\n<hr \/>\n<p>Betont alle Formen jeden 3-Sitzers (bis 210 cm)<\/p>\n<p>Perfekter Halt, kein Verrutschen, kein Zurechtzupfen mehr<\/p>\n<p>Edles Aussehen dank samtiger Oberfl\u00e4che<\/p>\n<p>Hier geht es zur <span style=\"color: #eaa01e;\"><a style=\"color: #eaa01e;\" href=\"https:\/\/filigrand.de\/wp-content\/uploads\/2024\/12\/Anleitung_Sofabezug.mp4\" target=\"_blank\" rel=\"noopener\">Produktanleitung<\/a><\/span><\/p>\n<hr \/>\n<p>Brauchst du eine andere Gr\u00f6\u00dfe? Hier findest du die passende Variante: f\u00fcr <span style=\"color: #eaa01e;\"><a style=\"color: #eaa01e;\" href=\"https:\/\/filigrand.de\/?product=bezug-fuer-sofa-2-sitzer&amp;_gl=1*14m77rr*_up*MQ..*_ga*Mzc1MzkzMzUzLjE3MzMwNDk4NzY.*_ga_0L9NZ5X60B*MTczMzA0OTg3NS4xLjEuMTczMzA0OTk0Ny4wLjAuMA..\" target=\"_blank\" rel=\"noopener\">2-Sitzer<\/a> <\/span>oder <span style=\"color: #eaa01e;\"><a style=\"color: #eaa01e;\" href=\"https:\/\/filigrand.de\/?product=bezug-fuer-sessel-chenille&amp;_gl=1*imkgxe*_up*MQ..*_ga*Mzc1MzkzMzUzLjE3MzMwNDk4NzY.*_ga_0L9NZ5X60B*MTczMzA0OTg3NS4xLjAuMTczMzA0OTg3NS4wLjAuMA..\" target=\"_blank\" rel=\"noopener\">Sessel<\/a>.<\/span><\/p>\n<p>Bitte vergleiche die Ma\u00dfe deines 3-Sitzers mit unseren.<\/p>\n<p>Mehr Informationen unten in der <strong>Beschreibung \u2193<\/strong><\/p>\n","protected":false},"featured_media":9444,"comment_status":"closed","ping_status":"closed","template":"","meta":{"_uag_custom_page_level_css":""},"product_brand":[],"product_cat":[273,152,26],"product_tag":[132,28,128,131,133],"class_list":{"0":"post-9422","1":"product","2":"type-product","3":"status-publish","4":"has-post-thumbnail","6":"product_cat-2-3-oder-4-sitzer-bezug","7":"product_cat-bezuege","8":"product_cat-sofabezug","9":"product_tag-3-sitzer","10":"product_tag-sofa","11":"product_tag-sofabezug","12":"product_tag-sofabezug-3-sitzer","13":"product_tag-sofahusse-3-sitzer","15":"first","16":"instock","17":"sale","18":"featured","19":"taxable","20":"shipping-taxable","21":"purchasable","22":"product-type-variable","23":"rtwpvs-product"},"yoast_head":"<!-- This site is optimized with the Yoast SEO plugin v27.4 - https:\/\/yoast.com\/product\/yoast-seo-wordpress\/ -->\n<title>Bezug f\u00fcr Sofa 3-Sitzer Chenille - Filigrand - hochwertige Sofabez\u00fcge f\u00fcr Ecksofa, L-Form etc. made in EU<\/title>\n<meta name=\"description\" content=\"Erlebe die zauberhafte Verwandlung deines 3-Sitzers mit unserem Sofabezug. Die hochwertige Sofahusse ist hochelastisch und pflegeleicht.\" \/>\n<meta name=\"robots\" content=\"index, follow, max-snippet:-1, max-image-preview:large, max-video-preview:-1\" \/>\n<link rel=\"canonical\" href=\"https:\/\/filigrand.de\/?product=bezug-fuer-sofa-3-sitzer-chenille\" \/>\n<meta property=\"og:locale\" content=\"de_DE\" \/>\n<meta property=\"og:type\" content=\"article\" \/>\n<meta property=\"og:title\" content=\"Bezug f\u00fcr Sofa 3-Sitzer Chenille - Filigrand - hochwertige Sofabez\u00fcge f\u00fcr Ecksofa, L-Form etc. made in EU\" \/>\n<meta property=\"og:description\" content=\"Erlebe die zauberhafte Verwandlung deines 3-Sitzers mit unserem Sofabezug. Die hochwertige Sofahusse ist hochelastisch und pflegeleicht.\" \/>\n<meta property=\"og:url\" content=\"https:\/\/filigrand.de\/?product=bezug-fuer-sofa-3-sitzer-chenille\" \/>\n<meta property=\"og:site_name\" content=\"Filigrand - hochwertige Sofabez\u00fcge f\u00fcr Ecksofa, L-Form etc. made in EU\" \/>\n<meta property=\"article:modified_time\" content=\"2026-04-18T14:08:22+00:00\" \/>\n<meta property=\"og:image\" content=\"https:\/\/filigrand.de\/wp-content\/uploads\/2024\/11\/Sofabezug-Viena-blau.png\" \/>\n\t<meta property=\"og:image:width\" content=\"1080\" \/>\n\t<meta property=\"og:image:height\" content=\"1080\" \/>\n\t<meta property=\"og:image:type\" content=\"image\/png\" \/>\n<meta name=\"twitter:card\" content=\"summary_large_image\" \/>\n<meta name=\"twitter:label1\" content=\"Gesch\u00e4tzte Lesezeit\" \/>\n\t<meta name=\"twitter:data1\" content=\"1\u00a0Minute\" \/>\n<script type=\"application\/ld+json\" class=\"yoast-schema-graph\">{\"@context\":\"https:\\\/\\\/schema.org\",\"@graph\":[{\"@type\":\"WebPage\",\"@id\":\"https:\\\/\\\/filigrand.de\\\/?product=bezug-fuer-sofa-3-sitzer-chenille\",\"url\":\"https:\\\/\\\/filigrand.de\\\/?product=bezug-fuer-sofa-3-sitzer-chenille\",\"name\":\"Bezug f\u00fcr Sofa 3-Sitzer Chenille - Filigrand - hochwertige Sofabez\u00fcge f\u00fcr Ecksofa, L-Form etc. made in EU\",\"isPartOf\":{\"@id\":\"https:\\\/\\\/filigrand.de\\\/#website\"},\"primaryImageOfPage\":{\"@id\":\"https:\\\/\\\/filigrand.de\\\/?product=bezug-fuer-sofa-3-sitzer-chenille#primaryimage\"},\"image\":{\"@id\":\"https:\\\/\\\/filigrand.de\\\/?product=bezug-fuer-sofa-3-sitzer-chenille#primaryimage\"},\"thumbnailUrl\":\"https:\\\/\\\/filigrand.de\\\/wp-content\\\/uploads\\\/2024\\\/11\\\/Sofabezug-Viena-blau.png\",\"datePublished\":\"2024-11-25T15:52:40+00:00\",\"dateModified\":\"2026-04-18T14:08:22+00:00\",\"description\":\"Erlebe die zauberhafte Verwandlung deines 3-Sitzers mit unserem Sofabezug. Die hochwertige Sofahusse ist hochelastisch und pflegeleicht.\",\"breadcrumb\":{\"@id\":\"https:\\\/\\\/filigrand.de\\\/?product=bezug-fuer-sofa-3-sitzer-chenille#breadcrumb\"},\"inLanguage\":\"de\",\"potentialAction\":[{\"@type\":\"ReadAction\",\"target\":[\"https:\\\/\\\/filigrand.de\\\/?product=bezug-fuer-sofa-3-sitzer-chenille\"]}]},{\"@type\":\"ImageObject\",\"inLanguage\":\"de\",\"@id\":\"https:\\\/\\\/filigrand.de\\\/?product=bezug-fuer-sofa-3-sitzer-chenille#primaryimage\",\"url\":\"https:\\\/\\\/filigrand.de\\\/wp-content\\\/uploads\\\/2024\\\/11\\\/Sofabezug-Viena-blau.png\",\"contentUrl\":\"https:\\\/\\\/filigrand.de\\\/wp-content\\\/uploads\\\/2024\\\/11\\\/Sofabezug-Viena-blau.png\",\"width\":1080,\"height\":1080},{\"@type\":\"BreadcrumbList\",\"@id\":\"https:\\\/\\\/filigrand.de\\\/?product=bezug-fuer-sofa-3-sitzer-chenille#breadcrumb\",\"itemListElement\":[{\"@type\":\"ListItem\",\"position\":1,\"name\":\"Startseite\",\"item\":\"https:\\\/\\\/filigrand.de\\\/\"},{\"@type\":\"ListItem\",\"position\":2,\"name\":\"Kollektion\",\"item\":\"https:\\\/\\\/filigrand.de\\\/?page_id=6\"},{\"@type\":\"ListItem\",\"position\":3,\"name\":\"Bezug f\u00fcr Sofa 3-Sitzer Chenille\"}]},{\"@type\":\"WebSite\",\"@id\":\"https:\\\/\\\/filigrand.de\\\/#website\",\"url\":\"https:\\\/\\\/filigrand.de\\\/\",\"name\":\"Filigrand - hochwertige Sofabez\u00fcge f\u00fcr Ecksofa, L-Form etc. made in EU\",\"description\":\"Universelle hochelastische Sofabez\u00fcge, Sesselbez\u00fcge, Bettbez\u00fcge direkt aus Italien &amp; Spanien. Perfekte Passform und Halt.\",\"publisher\":{\"@id\":\"https:\\\/\\\/filigrand.de\\\/#organization\"},\"potentialAction\":[{\"@type\":\"SearchAction\",\"target\":{\"@type\":\"EntryPoint\",\"urlTemplate\":\"https:\\\/\\\/filigrand.de\\\/?s={search_term_string}\"},\"query-input\":{\"@type\":\"PropertyValueSpecification\",\"valueRequired\":true,\"valueName\":\"search_term_string\"}}],\"inLanguage\":\"de\"},{\"@type\":\"Organization\",\"@id\":\"https:\\\/\\\/filigrand.de\\\/#organization\",\"name\":\"Filigrand - hochwertige Sofabez\u00fcge f\u00fcr Ecksofa, L-Form etc. made in EU\",\"url\":\"https:\\\/\\\/filigrand.de\\\/\",\"logo\":{\"@type\":\"ImageObject\",\"inLanguage\":\"de\",\"@id\":\"https:\\\/\\\/filigrand.de\\\/#\\\/schema\\\/logo\\\/image\\\/\",\"url\":\"https:\\\/\\\/filigrand.de\\\/wp-content\\\/uploads\\\/2021\\\/03\\\/FILIGRAND-e1614628532288.png\",\"contentUrl\":\"https:\\\/\\\/filigrand.de\\\/wp-content\\\/uploads\\\/2021\\\/03\\\/FILIGRAND-e1614628532288.png\",\"width\":270,\"height\":200,\"caption\":\"Filigrand - hochwertige Sofabez\u00fcge f\u00fcr Ecksofa, L-Form etc. made in EU\"},\"image\":{\"@id\":\"https:\\\/\\\/filigrand.de\\\/#\\\/schema\\\/logo\\\/image\\\/\"},\"sameAs\":[\"https:\\\/\\\/www.instagram.com\\\/filigrand.de\\\/\"]}]}<\/script>\n<!-- \/ Yoast SEO plugin. -->","yoast_head_json":{"title":"Bezug f\u00fcr Sofa 3-Sitzer Chenille - Filigrand - hochwertige Sofabez\u00fcge f\u00fcr Ecksofa, L-Form etc. made in EU","description":"Erlebe die zauberhafte Verwandlung deines 3-Sitzers mit unserem Sofabezug. Die hochwertige Sofahusse ist hochelastisch und pflegeleicht.","robots":{"index":"index","follow":"follow","max-snippet":"max-snippet:-1","max-image-preview":"max-image-preview:large","max-video-preview":"max-video-preview:-1"},"canonical":"https:\/\/filigrand.de\/?product=bezug-fuer-sofa-3-sitzer-chenille","og_locale":"de_DE","og_type":"article","og_title":"Bezug f\u00fcr Sofa 3-Sitzer Chenille - Filigrand - hochwertige Sofabez\u00fcge f\u00fcr Ecksofa, L-Form etc. made in EU","og_description":"Erlebe die zauberhafte Verwandlung deines 3-Sitzers mit unserem Sofabezug. Die hochwertige Sofahusse ist hochelastisch und pflegeleicht.","og_url":"https:\/\/filigrand.de\/?product=bezug-fuer-sofa-3-sitzer-chenille","og_site_name":"Filigrand - hochwertige Sofabez\u00fcge f\u00fcr Ecksofa, L-Form etc. made in EU","article_modified_time":"2026-04-18T14:08:22+00:00","og_image":[{"width":1080,"height":1080,"url":"https:\/\/filigrand.de\/wp-content\/uploads\/2024\/11\/Sofabezug-Viena-blau.png","type":"image\/png"}],"twitter_card":"summary_large_image","twitter_misc":{"Gesch\u00e4tzte Lesezeit":"1\u00a0Minute"},"schema":{"@context":"https:\/\/schema.org","@graph":[{"@type":"WebPage","@id":"https:\/\/filigrand.de\/?product=bezug-fuer-sofa-3-sitzer-chenille","url":"https:\/\/filigrand.de\/?product=bezug-fuer-sofa-3-sitzer-chenille","name":"Bezug f\u00fcr Sofa 3-Sitzer Chenille - Filigrand - hochwertige Sofabez\u00fcge f\u00fcr Ecksofa, L-Form etc. made in EU","isPartOf":{"@id":"https:\/\/filigrand.de\/#website"},"primaryImageOfPage":{"@id":"https:\/\/filigrand.de\/?product=bezug-fuer-sofa-3-sitzer-chenille#primaryimage"},"image":{"@id":"https:\/\/filigrand.de\/?product=bezug-fuer-sofa-3-sitzer-chenille#primaryimage"},"thumbnailUrl":"https:\/\/filigrand.de\/wp-content\/uploads\/2024\/11\/Sofabezug-Viena-blau.png","datePublished":"2024-11-25T15:52:40+00:00","dateModified":"2026-04-18T14:08:22+00:00","description":"Erlebe die zauberhafte Verwandlung deines 3-Sitzers mit unserem Sofabezug. Die hochwertige Sofahusse ist hochelastisch und pflegeleicht.","breadcrumb":{"@id":"https:\/\/filigrand.de\/?product=bezug-fuer-sofa-3-sitzer-chenille#breadcrumb"},"inLanguage":"de","potentialAction":[{"@type":"ReadAction","target":["https:\/\/filigrand.de\/?product=bezug-fuer-sofa-3-sitzer-chenille"]}]},{"@type":"ImageObject","inLanguage":"de","@id":"https:\/\/filigrand.de\/?product=bezug-fuer-sofa-3-sitzer-chenille#primaryimage","url":"https:\/\/filigrand.de\/wp-content\/uploads\/2024\/11\/Sofabezug-Viena-blau.png","contentUrl":"https:\/\/filigrand.de\/wp-content\/uploads\/2024\/11\/Sofabezug-Viena-blau.png","width":1080,"height":1080},{"@type":"BreadcrumbList","@id":"https:\/\/filigrand.de\/?product=bezug-fuer-sofa-3-sitzer-chenille#breadcrumb","itemListElement":[{"@type":"ListItem","position":1,"name":"Startseite","item":"https:\/\/filigrand.de\/"},{"@type":"ListItem","position":2,"name":"Kollektion","item":"https:\/\/filigrand.de\/?page_id=6"},{"@type":"ListItem","position":3,"name":"Bezug f\u00fcr Sofa 3-Sitzer Chenille"}]},{"@type":"WebSite","@id":"https:\/\/filigrand.de\/#website","url":"https:\/\/filigrand.de\/","name":"Filigrand - hochwertige Sofabez\u00fcge f\u00fcr Ecksofa, L-Form etc. made in EU","description":"Universelle hochelastische Sofabez\u00fcge, Sesselbez\u00fcge, Bettbez\u00fcge direkt aus Italien &amp; Spanien. Perfekte Passform und Halt.","publisher":{"@id":"https:\/\/filigrand.de\/#organization"},"potentialAction":[{"@type":"SearchAction","target":{"@type":"EntryPoint","urlTemplate":"https:\/\/filigrand.de\/?s={search_term_string}"},"query-input":{"@type":"PropertyValueSpecification","valueRequired":true,"valueName":"search_term_string"}}],"inLanguage":"de"},{"@type":"Organization","@id":"https:\/\/filigrand.de\/#organization","name":"Filigrand - hochwertige Sofabez\u00fcge f\u00fcr Ecksofa, L-Form etc. made in EU","url":"https:\/\/filigrand.de\/","logo":{"@type":"ImageObject","inLanguage":"de","@id":"https:\/\/filigrand.de\/#\/schema\/logo\/image\/","url":"https:\/\/filigrand.de\/wp-content\/uploads\/2021\/03\/FILIGRAND-e1614628532288.png","contentUrl":"https:\/\/filigrand.de\/wp-content\/uploads\/2021\/03\/FILIGRAND-e1614628532288.png","width":270,"height":200,"caption":"Filigrand - hochwertige Sofabez\u00fcge f\u00fcr Ecksofa, L-Form etc. made in EU"},"image":{"@id":"https:\/\/filigrand.de\/#\/schema\/logo\/image\/"},"sameAs":["https:\/\/www.instagram.com\/filigrand.de\/"]}]}},"uagb_featured_image_src":{"full":["https:\/\/filigrand.de\/wp-content\/uploads\/2024\/11\/Sofabezug-Viena-blau.png",1080,1080,false],"thumbnail":["https:\/\/filigrand.de\/wp-content\/uploads\/2024\/11\/Sofabezug-Viena-blau-150x150.png",150,150,true],"medium":["https:\/\/filigrand.de\/wp-content\/uploads\/2024\/11\/Sofabezug-Viena-blau-300x300.png",300,300,true],"medium_large":["https:\/\/filigrand.de\/wp-content\/uploads\/2024\/11\/Sofabezug-Viena-blau-768x768.png",768,768,true],"large":["https:\/\/filigrand.de\/wp-content\/uploads\/2024\/11\/Sofabezug-Viena-blau-1024x1024.png",1024,1024,true],"1536x1536":["https:\/\/filigrand.de\/wp-content\/uploads\/2024\/11\/Sofabezug-Viena-blau.png",1080,1080,false],"2048x2048":["https:\/\/filigrand.de\/wp-content\/uploads\/2024\/11\/Sofabezug-Viena-blau.png",1080,1080,false],"post-thumbnail":["https:\/\/filigrand.de\/wp-content\/uploads\/2024\/11\/Sofabezug-Viena-blau-80x100.png",80,100,true],"restoration-rectangle":["https:\/\/filigrand.de\/wp-content\/uploads\/2024\/11\/Sofabezug-Viena-blau-370x240.png",370,240,true],"restoration-single":["https:\/\/filigrand.de\/wp-content\/uploads\/2024\/11\/Sofabezug-Viena-blau-800x400.png",800,400,true],"restoration-rectangle-mini":["https:\/\/filigrand.de\/wp-content\/uploads\/2024\/11\/Sofabezug-Viena-blau-20x12.png",20,12,true],"restoration-rectangle-mobile":["https:\/\/filigrand.de\/wp-content\/uploads\/2024\/11\/Sofabezug-Viena-blau-290x188.png",290,188,true],"restoration-rectangle-x2":["https:\/\/filigrand.de\/wp-content\/uploads\/2024\/11\/Sofabezug-Viena-blau-740x480.png",740,480,true],"restoration-single-mini":["https:\/\/filigrand.de\/wp-content\/uploads\/2024\/11\/Sofabezug-Viena-blau-20x10.png",20,10,true],"restoration-single-mobile":["https:\/\/filigrand.de\/wp-content\/uploads\/2024\/11\/Sofabezug-Viena-blau-290x145.png",290,145,true],"restoration-single-x2":["https:\/\/filigrand.de\/wp-content\/uploads\/2024\/11\/Sofabezug-Viena-blau-1080x800.png",1080,800,true],"woocommerce_thumbnail":["https:\/\/filigrand.de\/wp-content\/uploads\/2024\/11\/Sofabezug-Viena-blau-401x401.png",401,401,true],"woocommerce_single":["https:\/\/filigrand.de\/wp-content\/uploads\/2024\/11\/Sofabezug-Viena-blau-1024x1024.png",1024,1024,true],"woocommerce_gallery_thumbnail":["https:\/\/filigrand.de\/wp-content\/uploads\/2024\/11\/Sofabezug-Viena-blau-160x192.png",160,192,true]},"uagb_author_info":{"display_name":"Filigrand","author_link":"https:\/\/filigrand.de\/?author=0"},"uagb_comment_info":0,"uagb_excerpt":"zzgl. Versandkosten Betont alle Formen jeden 3-Sitzers (bis 210 cm) Perfekter Halt, kein Verrutschen, kein Zurechtzupfen mehr Edles Aussehen dank samtiger Oberfl\u00e4che Hier geht es zur Produktanleitung Brauchst du eine andere Gr\u00f6\u00dfe? Hier findest du die passende Variante: f\u00fcr 2-Sitzer oder Sessel. Bitte vergleiche die Ma\u00dfe deines 3-Sitzers mit unseren. Mehr Informationen unten in der&hellip;","_links":{"self":[{"href":"https:\/\/filigrand.de\/index.php?rest_route=\/wp\/v2\/product\/9422","targetHints":{"allow":["GET"]}}],"collection":[{"href":"https:\/\/filigrand.de\/index.php?rest_route=\/wp\/v2\/product"}],"about":[{"href":"https:\/\/filigrand.de\/index.php?rest_route=\/wp\/v2\/types\/product"}],"replies":[{"embeddable":true,"href":"https:\/\/filigrand.de\/index.php?rest_route=%2Fwp%2Fv2%2Fcomments&post=9422"}],"wp:featuredmedia":[{"embeddable":true,"href":"https:\/\/filigrand.de\/index.php?rest_route=\/wp\/v2\/media\/9444"}],"wp:attachment":[{"href":"https:\/\/filigrand.de\/index.php?rest_route=%2Fwp%2Fv2%2Fmedia&parent=9422"}],"wp:term":[{"taxonomy":"product_brand","embeddable":true,"href":"https:\/\/filigrand.de\/index.php?rest_route=%2Fwp%2Fv2%2Fproduct_brand&post=9422"},{"taxonomy":"product_cat","embeddable":true,"href":"https:\/\/filigrand.de\/index.php?rest_route=%2Fwp%2Fv2%2Fproduct_cat&post=9422"},{"taxonomy":"product_tag","embeddable":true,"href":"https:\/\/filigrand.de\/index.php?rest_route=%2Fwp%2Fv2%2Fproduct_tag&post=9422"}],"curies":[{"name":"wp","href":"https:\/\/api.w.org\/{rel}","templated":true}]}}