{"id":9356,"date":"2024-11-19T11:41:00","date_gmt":"2024-11-19T11:41:00","guid":{"rendered":"https:\/\/filigrand.de\/?post_type=product&#038;p=9356"},"modified":"2026-04-15T15:04:14","modified_gmt":"2026-04-15T15:04:14","slug":"bezug-fuer-ohrensessel","status":"publish","type":"product","link":"https:\/\/filigrand.de\/?product=bezug-fuer-ohrensessel","title":{"rendered":"Bezug f\u00fcr Ohrensessel"},"content":{"rendered":"<p>Unser \u00dcberzug dient als Schonbezug gegen Abnutzung deines Ohrensessels und ist auch ideal f\u00fcr die saisonale Umgestaltung. Die elastische Husse aus widerstandsf\u00e4higem, aber angenehm weichem Material l\u00e4sst sich unkompliziert \u00fcberziehen und umschmeichelt deinen Sessel. Der Bezug in bester Qualit\u00e4t ist geeignet f\u00fcr Ohrensessel (mit Polsterfugen) mit einer Gesamtbreite der R\u00fcckenlehne von <strong>7<\/strong><strong>0 bis 100 cm<\/strong> (gemessen von Arm zu Arm).<\/p>\n<ul>\n<li>Zusammensetzung: 60% Polyester, 35% Baumwolle, 5% Elastomer<\/li>\n<li>Waschbar bei 30\u00b0 (nicht trocknergeeignet)<\/li>\n<li>Fixierung mit mitgelieferter Schaumstoff-Sticks<\/li>\n<li>Perfekt auch f\u00fcr freistehende M\u00f6bel<\/li>\n<li>Hergestellt in Spanien<\/li>\n<\/ul>\n","protected":false},"excerpt":{"rendered":"<p>zzgl. <span style=\"color: #eaa01e;\"><a style=\"color: #eaa01e;\" href=\"https:\/\/filigrand.de\/?page_id=1028&amp;_gl=1*h8uset*_up*MQ..*_ga*MTk4MDQ0MTEyMC4xNzMwOTA4Mzkx*_ga_0L9NZ5X60B*MTczMDkwODM5MC4xLjEuMTczMDkwODQ2Ny4wLjAuMA..\" target=\"_blank\" rel=\"noopener\">Versandkosten<\/a><\/span><\/p>\n<hr \/>\n<p>Ideale Passform, kein Verrutschen, kein Zurechtzupfen mehr<\/p>\n<p>Hier geht es zur <span style=\"color: #eaa01e;\"><a style=\"color: #eaa01e;\" href=\"https:\/\/filigrand.de\/wp-content\/uploads\/2024\/12\/Anleitung_Ohrensessel.mp4\" target=\"_blank\" rel=\"noopener\">Produktanleitung<\/a><\/span><\/p>\n<p>Mehr Informationen unten in der <strong>Beschreibung \u2193<\/strong><\/p>\n<hr \/>\n<p>Bitte vergleiche die Ma\u00dfe deines Ohrensessels mit unseren.<\/p>\n<p>Hier geht es zum <span style=\"color: #eaa01e;\"><a style=\"color: #eaa01e;\" href=\"https:\/\/filigrand.de\/?product=bezug-fuer-sofa-2-sitzer\" target=\"_blank\" rel=\"noopener\">2-Sitzer<\/a><\/span> und <span style=\"color: #eaa01e;\"><a style=\"color: #eaa01e;\" href=\"https:\/\/filigrand.de\/?product=bezug-fuer-sofa-3-sitzer&amp;_gl=1*1whmuoz*_up*MQ..*_ga*MTYwODQ2MTQwMy4xNzI5MDg1ODIz*_ga_0L9NZ5X60B*MTcyOTA4NTgyMi4xLjAuMTcyOTA4NTgyMi4wLjAuMA..\" target=\"_blank\" rel=\"noopener\">3-Sitzer<\/a>.<\/span><\/p>\n","protected":false},"featured_media":9368,"comment_status":"closed","ping_status":"closed","template":"","meta":{"_uag_custom_page_level_css":""},"product_brand":[],"product_cat":[152,70],"product_tag":[112,113,114],"class_list":{"0":"post-9356","1":"product","2":"type-product","3":"status-publish","4":"has-post-thumbnail","6":"product_cat-bezuege","7":"product_cat-sessel-und-stuhlbezug","8":"product_tag-sesselbezug","9":"product_tag-sesselhusse","10":"product_tag-sesselschonbezug","12":"first","13":"instock","14":"featured","15":"taxable","16":"shipping-taxable","17":"purchasable","18":"product-type-variable","19":"rtwpvs-product"},"yoast_head":"<!-- This site is optimized with the Yoast SEO plugin v27.4 - https:\/\/yoast.com\/product\/yoast-seo-wordpress\/ -->\n<title>Bezug f\u00fcr Ohrensessel - Filigrand - hochwertige Sofabez\u00fcge f\u00fcr Ecksofa, L-Form etc. made in EU<\/title>\n<meta name=\"description\" content=\"Hochwertige und elastische Sesselhusse f\u00fcr Ihren Sessel. Pflegeleichter Sesselbezug, ideale Passform, erstklassige Qualit\u00e4t aus Spanien.\" \/>\n<meta name=\"robots\" content=\"index, follow, max-snippet:-1, max-image-preview:large, max-video-preview:-1\" \/>\n<link rel=\"canonical\" href=\"https:\/\/filigrand.de\/?product=bezug-fuer-ohrensessel\" \/>\n<meta property=\"og:locale\" content=\"de_DE\" \/>\n<meta property=\"og:type\" content=\"article\" \/>\n<meta property=\"og:title\" content=\"Bezug f\u00fcr Ohrensessel - Filigrand - hochwertige Sofabez\u00fcge f\u00fcr Ecksofa, L-Form etc. made in EU\" \/>\n<meta property=\"og:description\" content=\"Hochwertige und elastische Sesselhusse f\u00fcr Ihren Sessel. Pflegeleichter Sesselbezug, ideale Passform, erstklassige Qualit\u00e4t aus Spanien.\" \/>\n<meta property=\"og:url\" content=\"https:\/\/filigrand.de\/?product=bezug-fuer-ohrensessel\" \/>\n<meta property=\"og:site_name\" content=\"Filigrand - hochwertige Sofabez\u00fcge f\u00fcr Ecksofa, L-Form etc. made in EU\" \/>\n<meta property=\"article:modified_time\" content=\"2026-04-15T15:04:14+00:00\" \/>\n<meta property=\"og:image\" content=\"https:\/\/filigrand.de\/wp-content\/uploads\/2024\/11\/Ohrensesselbezug-dunkelrot-Filigrand.png\" \/>\n\t<meta property=\"og:image:width\" content=\"1080\" \/>\n\t<meta property=\"og:image:height\" content=\"1080\" \/>\n\t<meta property=\"og:image:type\" content=\"image\/png\" \/>\n<meta name=\"twitter:card\" content=\"summary_large_image\" \/>\n<meta name=\"twitter:label1\" content=\"Gesch\u00e4tzte Lesezeit\" \/>\n\t<meta name=\"twitter:data1\" content=\"1\u00a0Minute\" \/>\n<script type=\"application\/ld+json\" class=\"yoast-schema-graph\">{\"@context\":\"https:\\\/\\\/schema.org\",\"@graph\":[{\"@type\":\"WebPage\",\"@id\":\"https:\\\/\\\/filigrand.de\\\/?product=bezug-fuer-ohrensessel\",\"url\":\"https:\\\/\\\/filigrand.de\\\/?product=bezug-fuer-ohrensessel\",\"name\":\"Bezug f\u00fcr Ohrensessel - Filigrand - hochwertige Sofabez\u00fcge f\u00fcr Ecksofa, L-Form etc. made in EU\",\"isPartOf\":{\"@id\":\"https:\\\/\\\/filigrand.de\\\/#website\"},\"primaryImageOfPage\":{\"@id\":\"https:\\\/\\\/filigrand.de\\\/?product=bezug-fuer-ohrensessel#primaryimage\"},\"image\":{\"@id\":\"https:\\\/\\\/filigrand.de\\\/?product=bezug-fuer-ohrensessel#primaryimage\"},\"thumbnailUrl\":\"https:\\\/\\\/filigrand.de\\\/wp-content\\\/uploads\\\/2024\\\/11\\\/Ohrensesselbezug-dunkelrot-Filigrand.png\",\"datePublished\":\"2024-11-19T11:41:00+00:00\",\"dateModified\":\"2026-04-15T15:04:14+00:00\",\"description\":\"Hochwertige und elastische Sesselhusse f\u00fcr Ihren Sessel. Pflegeleichter Sesselbezug, ideale Passform, erstklassige Qualit\u00e4t aus Spanien.\",\"breadcrumb\":{\"@id\":\"https:\\\/\\\/filigrand.de\\\/?product=bezug-fuer-ohrensessel#breadcrumb\"},\"inLanguage\":\"de\",\"potentialAction\":[{\"@type\":\"ReadAction\",\"target\":[\"https:\\\/\\\/filigrand.de\\\/?product=bezug-fuer-ohrensessel\"]}]},{\"@type\":\"ImageObject\",\"inLanguage\":\"de\",\"@id\":\"https:\\\/\\\/filigrand.de\\\/?product=bezug-fuer-ohrensessel#primaryimage\",\"url\":\"https:\\\/\\\/filigrand.de\\\/wp-content\\\/uploads\\\/2024\\\/11\\\/Ohrensesselbezug-dunkelrot-Filigrand.png\",\"contentUrl\":\"https:\\\/\\\/filigrand.de\\\/wp-content\\\/uploads\\\/2024\\\/11\\\/Ohrensesselbezug-dunkelrot-Filigrand.png\",\"width\":1080,\"height\":1080},{\"@type\":\"BreadcrumbList\",\"@id\":\"https:\\\/\\\/filigrand.de\\\/?product=bezug-fuer-ohrensessel#breadcrumb\",\"itemListElement\":[{\"@type\":\"ListItem\",\"position\":1,\"name\":\"Startseite\",\"item\":\"https:\\\/\\\/filigrand.de\\\/\"},{\"@type\":\"ListItem\",\"position\":2,\"name\":\"Kollektion\",\"item\":\"https:\\\/\\\/filigrand.de\\\/?page_id=6\"},{\"@type\":\"ListItem\",\"position\":3,\"name\":\"Bezug f\u00fcr Ohrensessel\"}]},{\"@type\":\"WebSite\",\"@id\":\"https:\\\/\\\/filigrand.de\\\/#website\",\"url\":\"https:\\\/\\\/filigrand.de\\\/\",\"name\":\"Filigrand - hochwertige Sofabez\u00fcge f\u00fcr Ecksofa, L-Form etc. made in EU\",\"description\":\"Universelle hochelastische Sofabez\u00fcge, Sesselbez\u00fcge, Bettbez\u00fcge direkt aus Italien &amp; Spanien. Perfekte Passform und Halt.\",\"publisher\":{\"@id\":\"https:\\\/\\\/filigrand.de\\\/#organization\"},\"potentialAction\":[{\"@type\":\"SearchAction\",\"target\":{\"@type\":\"EntryPoint\",\"urlTemplate\":\"https:\\\/\\\/filigrand.de\\\/?s={search_term_string}\"},\"query-input\":{\"@type\":\"PropertyValueSpecification\",\"valueRequired\":true,\"valueName\":\"search_term_string\"}}],\"inLanguage\":\"de\"},{\"@type\":\"Organization\",\"@id\":\"https:\\\/\\\/filigrand.de\\\/#organization\",\"name\":\"Filigrand - hochwertige Sofabez\u00fcge f\u00fcr Ecksofa, L-Form etc. made in EU\",\"url\":\"https:\\\/\\\/filigrand.de\\\/\",\"logo\":{\"@type\":\"ImageObject\",\"inLanguage\":\"de\",\"@id\":\"https:\\\/\\\/filigrand.de\\\/#\\\/schema\\\/logo\\\/image\\\/\",\"url\":\"https:\\\/\\\/filigrand.de\\\/wp-content\\\/uploads\\\/2021\\\/03\\\/FILIGRAND-e1614628532288.png\",\"contentUrl\":\"https:\\\/\\\/filigrand.de\\\/wp-content\\\/uploads\\\/2021\\\/03\\\/FILIGRAND-e1614628532288.png\",\"width\":270,\"height\":200,\"caption\":\"Filigrand - hochwertige Sofabez\u00fcge f\u00fcr Ecksofa, L-Form etc. made in EU\"},\"image\":{\"@id\":\"https:\\\/\\\/filigrand.de\\\/#\\\/schema\\\/logo\\\/image\\\/\"},\"sameAs\":[\"https:\\\/\\\/www.instagram.com\\\/filigrand.de\\\/\"]}]}<\/script>\n<!-- \/ Yoast SEO plugin. -->","yoast_head_json":{"title":"Bezug f\u00fcr Ohrensessel - Filigrand - hochwertige Sofabez\u00fcge f\u00fcr Ecksofa, L-Form etc. made in EU","description":"Hochwertige und elastische Sesselhusse f\u00fcr Ihren Sessel. Pflegeleichter Sesselbezug, ideale Passform, erstklassige Qualit\u00e4t aus Spanien.","robots":{"index":"index","follow":"follow","max-snippet":"max-snippet:-1","max-image-preview":"max-image-preview:large","max-video-preview":"max-video-preview:-1"},"canonical":"https:\/\/filigrand.de\/?product=bezug-fuer-ohrensessel","og_locale":"de_DE","og_type":"article","og_title":"Bezug f\u00fcr Ohrensessel - Filigrand - hochwertige Sofabez\u00fcge f\u00fcr Ecksofa, L-Form etc. made in EU","og_description":"Hochwertige und elastische Sesselhusse f\u00fcr Ihren Sessel. Pflegeleichter Sesselbezug, ideale Passform, erstklassige Qualit\u00e4t aus Spanien.","og_url":"https:\/\/filigrand.de\/?product=bezug-fuer-ohrensessel","og_site_name":"Filigrand - hochwertige Sofabez\u00fcge f\u00fcr Ecksofa, L-Form etc. made in EU","article_modified_time":"2026-04-15T15:04:14+00:00","og_image":[{"width":1080,"height":1080,"url":"https:\/\/filigrand.de\/wp-content\/uploads\/2024\/11\/Ohrensesselbezug-dunkelrot-Filigrand.png","type":"image\/png"}],"twitter_card":"summary_large_image","twitter_misc":{"Gesch\u00e4tzte Lesezeit":"1\u00a0Minute"},"schema":{"@context":"https:\/\/schema.org","@graph":[{"@type":"WebPage","@id":"https:\/\/filigrand.de\/?product=bezug-fuer-ohrensessel","url":"https:\/\/filigrand.de\/?product=bezug-fuer-ohrensessel","name":"Bezug f\u00fcr Ohrensessel - Filigrand - hochwertige Sofabez\u00fcge f\u00fcr Ecksofa, L-Form etc. made in EU","isPartOf":{"@id":"https:\/\/filigrand.de\/#website"},"primaryImageOfPage":{"@id":"https:\/\/filigrand.de\/?product=bezug-fuer-ohrensessel#primaryimage"},"image":{"@id":"https:\/\/filigrand.de\/?product=bezug-fuer-ohrensessel#primaryimage"},"thumbnailUrl":"https:\/\/filigrand.de\/wp-content\/uploads\/2024\/11\/Ohrensesselbezug-dunkelrot-Filigrand.png","datePublished":"2024-11-19T11:41:00+00:00","dateModified":"2026-04-15T15:04:14+00:00","description":"Hochwertige und elastische Sesselhusse f\u00fcr Ihren Sessel. Pflegeleichter Sesselbezug, ideale Passform, erstklassige Qualit\u00e4t aus Spanien.","breadcrumb":{"@id":"https:\/\/filigrand.de\/?product=bezug-fuer-ohrensessel#breadcrumb"},"inLanguage":"de","potentialAction":[{"@type":"ReadAction","target":["https:\/\/filigrand.de\/?product=bezug-fuer-ohrensessel"]}]},{"@type":"ImageObject","inLanguage":"de","@id":"https:\/\/filigrand.de\/?product=bezug-fuer-ohrensessel#primaryimage","url":"https:\/\/filigrand.de\/wp-content\/uploads\/2024\/11\/Ohrensesselbezug-dunkelrot-Filigrand.png","contentUrl":"https:\/\/filigrand.de\/wp-content\/uploads\/2024\/11\/Ohrensesselbezug-dunkelrot-Filigrand.png","width":1080,"height":1080},{"@type":"BreadcrumbList","@id":"https:\/\/filigrand.de\/?product=bezug-fuer-ohrensessel#breadcrumb","itemListElement":[{"@type":"ListItem","position":1,"name":"Startseite","item":"https:\/\/filigrand.de\/"},{"@type":"ListItem","position":2,"name":"Kollektion","item":"https:\/\/filigrand.de\/?page_id=6"},{"@type":"ListItem","position":3,"name":"Bezug f\u00fcr Ohrensessel"}]},{"@type":"WebSite","@id":"https:\/\/filigrand.de\/#website","url":"https:\/\/filigrand.de\/","name":"Filigrand - hochwertige Sofabez\u00fcge f\u00fcr Ecksofa, L-Form etc. made in EU","description":"Universelle hochelastische Sofabez\u00fcge, Sesselbez\u00fcge, Bettbez\u00fcge direkt aus Italien &amp; Spanien. Perfekte Passform und Halt.","publisher":{"@id":"https:\/\/filigrand.de\/#organization"},"potentialAction":[{"@type":"SearchAction","target":{"@type":"EntryPoint","urlTemplate":"https:\/\/filigrand.de\/?s={search_term_string}"},"query-input":{"@type":"PropertyValueSpecification","valueRequired":true,"valueName":"search_term_string"}}],"inLanguage":"de"},{"@type":"Organization","@id":"https:\/\/filigrand.de\/#organization","name":"Filigrand - hochwertige Sofabez\u00fcge f\u00fcr Ecksofa, L-Form etc. made in EU","url":"https:\/\/filigrand.de\/","logo":{"@type":"ImageObject","inLanguage":"de","@id":"https:\/\/filigrand.de\/#\/schema\/logo\/image\/","url":"https:\/\/filigrand.de\/wp-content\/uploads\/2021\/03\/FILIGRAND-e1614628532288.png","contentUrl":"https:\/\/filigrand.de\/wp-content\/uploads\/2021\/03\/FILIGRAND-e1614628532288.png","width":270,"height":200,"caption":"Filigrand - hochwertige Sofabez\u00fcge f\u00fcr Ecksofa, L-Form etc. made in EU"},"image":{"@id":"https:\/\/filigrand.de\/#\/schema\/logo\/image\/"},"sameAs":["https:\/\/www.instagram.com\/filigrand.de\/"]}]}},"uagb_featured_image_src":{"full":["https:\/\/filigrand.de\/wp-content\/uploads\/2024\/11\/Ohrensesselbezug-dunkelrot-Filigrand.png",1080,1080,false],"thumbnail":["https:\/\/filigrand.de\/wp-content\/uploads\/2024\/11\/Ohrensesselbezug-dunkelrot-Filigrand-150x150.png",150,150,true],"medium":["https:\/\/filigrand.de\/wp-content\/uploads\/2024\/11\/Ohrensesselbezug-dunkelrot-Filigrand-300x300.png",300,300,true],"medium_large":["https:\/\/filigrand.de\/wp-content\/uploads\/2024\/11\/Ohrensesselbezug-dunkelrot-Filigrand-768x768.png",768,768,true],"large":["https:\/\/filigrand.de\/wp-content\/uploads\/2024\/11\/Ohrensesselbezug-dunkelrot-Filigrand-1024x1024.png",1024,1024,true],"1536x1536":["https:\/\/filigrand.de\/wp-content\/uploads\/2024\/11\/Ohrensesselbezug-dunkelrot-Filigrand.png",1080,1080,false],"2048x2048":["https:\/\/filigrand.de\/wp-content\/uploads\/2024\/11\/Ohrensesselbezug-dunkelrot-Filigrand.png",1080,1080,false],"post-thumbnail":["https:\/\/filigrand.de\/wp-content\/uploads\/2024\/11\/Ohrensesselbezug-dunkelrot-Filigrand-80x100.png",80,100,true],"restoration-rectangle":["https:\/\/filigrand.de\/wp-content\/uploads\/2024\/11\/Ohrensesselbezug-dunkelrot-Filigrand-370x240.png",370,240,true],"restoration-single":["https:\/\/filigrand.de\/wp-content\/uploads\/2024\/11\/Ohrensesselbezug-dunkelrot-Filigrand-800x400.png",800,400,true],"restoration-rectangle-mini":["https:\/\/filigrand.de\/wp-content\/uploads\/2024\/11\/Ohrensesselbezug-dunkelrot-Filigrand-20x12.png",20,12,true],"restoration-rectangle-mobile":["https:\/\/filigrand.de\/wp-content\/uploads\/2024\/11\/Ohrensesselbezug-dunkelrot-Filigrand-290x188.png",290,188,true],"restoration-rectangle-x2":["https:\/\/filigrand.de\/wp-content\/uploads\/2024\/11\/Ohrensesselbezug-dunkelrot-Filigrand-740x480.png",740,480,true],"restoration-single-mini":["https:\/\/filigrand.de\/wp-content\/uploads\/2024\/11\/Ohrensesselbezug-dunkelrot-Filigrand-20x10.png",20,10,true],"restoration-single-mobile":["https:\/\/filigrand.de\/wp-content\/uploads\/2024\/11\/Ohrensesselbezug-dunkelrot-Filigrand-290x145.png",290,145,true],"restoration-single-x2":["https:\/\/filigrand.de\/wp-content\/uploads\/2024\/11\/Ohrensesselbezug-dunkelrot-Filigrand-1080x800.png",1080,800,true],"woocommerce_thumbnail":["https:\/\/filigrand.de\/wp-content\/uploads\/2024\/11\/Ohrensesselbezug-dunkelrot-Filigrand-401x401.png",401,401,true],"woocommerce_single":["https:\/\/filigrand.de\/wp-content\/uploads\/2024\/11\/Ohrensesselbezug-dunkelrot-Filigrand-1024x1024.png",1024,1024,true],"woocommerce_gallery_thumbnail":["https:\/\/filigrand.de\/wp-content\/uploads\/2024\/11\/Ohrensesselbezug-dunkelrot-Filigrand-160x192.png",160,192,true]},"uagb_author_info":{"display_name":"Filigrand","author_link":"https:\/\/filigrand.de\/?author=0"},"uagb_comment_info":0,"uagb_excerpt":"zzgl. Versandkosten Ideale Passform, kein Verrutschen, kein Zurechtzupfen mehr Hier geht es zur Produktanleitung Mehr Informationen unten in der Beschreibung \u2193 Bitte vergleiche die Ma\u00dfe deines Ohrensessels mit unseren. Hier geht es zum 2-Sitzer und 3-Sitzer.","_links":{"self":[{"href":"https:\/\/filigrand.de\/index.php?rest_route=\/wp\/v2\/product\/9356","targetHints":{"allow":["GET"]}}],"collection":[{"href":"https:\/\/filigrand.de\/index.php?rest_route=\/wp\/v2\/product"}],"about":[{"href":"https:\/\/filigrand.de\/index.php?rest_route=\/wp\/v2\/types\/product"}],"replies":[{"embeddable":true,"href":"https:\/\/filigrand.de\/index.php?rest_route=%2Fwp%2Fv2%2Fcomments&post=9356"}],"wp:featuredmedia":[{"embeddable":true,"href":"https:\/\/filigrand.de\/index.php?rest_route=\/wp\/v2\/media\/9368"}],"wp:attachment":[{"href":"https:\/\/filigrand.de\/index.php?rest_route=%2Fwp%2Fv2%2Fmedia&parent=9356"}],"wp:term":[{"taxonomy":"product_brand","embeddable":true,"href":"https:\/\/filigrand.de\/index.php?rest_route=%2Fwp%2Fv2%2Fproduct_brand&post=9356"},{"taxonomy":"product_cat","embeddable":true,"href":"https:\/\/filigrand.de\/index.php?rest_route=%2Fwp%2Fv2%2Fproduct_cat&post=9356"},{"taxonomy":"product_tag","embeddable":true,"href":"https:\/\/filigrand.de\/index.php?rest_route=%2Fwp%2Fv2%2Fproduct_tag&post=9356"}],"curies":[{"name":"wp","href":"https:\/\/api.w.org\/{rel}","templated":true}]}}