{"id":166,"date":"2020-07-20T08:26:41","date_gmt":"2020-07-20T08:26:41","guid":{"rendered":"https:\/\/restoration.fuelthemes.net\/?page_id=166"},"modified":"2024-11-06T15:15:53","modified_gmt":"2024-11-06T15:15:53","slug":"kontakt","status":"publish","type":"page","link":"https:\/\/filigrand.de\/?page_id=166","title":{"rendered":"Kontakt"},"content":{"rendered":"\n<div class=\"wp-block-media-text alignwide has-media-on-the-right is-stacked-on-mobile is-vertically-aligned-center is-image-fill has-background\" style=\"background-color:#f7f4f2;grid-template-columns:auto 55%\"><div class=\"wp-block-media-text__content\">\n<h1 class=\"wp-block-heading\">Kontaktiere uns<\/h1>\n\n\n\n<p>Du hast Fragen? Wir freuen uns von dir zu h\u00f6ren. Schicke uns eine Nachricht und wir antworten innerhalb von 24 Stunden (werktags).<\/p>\n\n\n\n<div class=\"wp-block-contact-form-7-contact-form-selector\">\n<div class=\"wpcf7 no-js\" id=\"wpcf7-f729-o1\" lang=\"de-DE\" dir=\"ltr\" data-wpcf7-id=\"729\">\n<div class=\"screen-reader-response\"><p role=\"status\" aria-live=\"polite\" aria-atomic=\"true\"><\/p> <ul><\/ul><\/div>\n<form action=\"\/index.php?rest_route=%2Fwp%2Fv2%2Fpages%2F166#wpcf7-f729-o1\" method=\"post\" class=\"wpcf7-form init\" aria-label=\"Kontaktformular\" novalidate=\"novalidate\" data-status=\"init\">\n<fieldset class=\"hidden-fields-container\"><input type=\"hidden\" name=\"_wpcf7\" value=\"729\" \/><input type=\"hidden\" name=\"_wpcf7_version\" value=\"6.1.5\" \/><input type=\"hidden\" name=\"_wpcf7_locale\" value=\"de_DE\" \/><input type=\"hidden\" name=\"_wpcf7_unit_tag\" value=\"wpcf7-f729-o1\" \/><input type=\"hidden\" name=\"_wpcf7_container_post\" value=\"0\" \/><input type=\"hidden\" name=\"_wpcf7_posted_data_hash\" value=\"\" \/>\n<\/fieldset>\n<p><label> Dein Name<br \/>\n<span class=\"wpcf7-form-control-wrap\" data-name=\"your-name\"><input size=\"40\" maxlength=\"400\" class=\"wpcf7-form-control wpcf7-text wpcf7-validates-as-required\" aria-required=\"true\" aria-invalid=\"false\" value=\"\" type=\"text\" name=\"your-name\" \/><\/span> <\/label>\n<\/p>\n<p><label> Deine E-Mail-Adresse<br \/>\n<span class=\"wpcf7-form-control-wrap\" data-name=\"your-email\"><input size=\"40\" maxlength=\"400\" class=\"wpcf7-form-control wpcf7-email wpcf7-validates-as-required wpcf7-text wpcf7-validates-as-email\" aria-required=\"true\" aria-invalid=\"false\" value=\"\" type=\"email\" name=\"your-email\" \/><\/span> <\/label>\n<\/p>\n<p><label> Betreff<br \/>\n<span class=\"wpcf7-form-control-wrap\" data-name=\"your-subject\"><input size=\"40\" maxlength=\"400\" class=\"wpcf7-form-control wpcf7-text wpcf7-validates-as-required\" aria-required=\"true\" aria-invalid=\"false\" value=\"\" type=\"text\" name=\"your-subject\" \/><\/span> <\/label>\n<\/p>\n<p><label> Deine Nachricht (optional)<br \/>\n<span class=\"wpcf7-form-control-wrap\" data-name=\"your-message\"><textarea cols=\"40\" rows=\"10\" maxlength=\"2000\" class=\"wpcf7-form-control wpcf7-textarea\" aria-invalid=\"false\" name=\"your-message\"><\/textarea><\/span> <\/label>\n<\/p>\n<p><input class=\"wpcf7-form-control wpcf7-submit has-spinner\" type=\"submit\" value=\"Senden\" \/>\n<\/p><p style=\"display: none !important;\" class=\"akismet-fields-container\" data-prefix=\"_wpcf7_ak_\"><label>&#916;<textarea name=\"_wpcf7_ak_hp_textarea\" cols=\"45\" rows=\"8\" maxlength=\"100\"><\/textarea><\/label><input type=\"hidden\" id=\"ak_js_1\" name=\"_wpcf7_ak_js\" value=\"146\"\/><script>document.getElementById( \"ak_js_1\" ).setAttribute( \"value\", ( new Date() ).getTime() );<\/script><\/p><div class=\"wpcf7-response-output\" aria-hidden=\"true\"><\/div>\n<\/form>\n<\/div>\n<\/div>\n\n\n\n<p><\/p>\n\n\n\n<p><\/p>\n\n\n\n<h6 class=\"wp-block-heading\">Kontakt <strong>Filigrand<\/strong><\/h6>\n\n\n\n<p style=\"font-size:16px\">Mariannenstr. 33, 47799 Krefeld<br>Telefon: +492151 4464128<br>(Mo.-Fr. 10-16 Uhr)<\/p>\n\n\n\n<p style=\"font-size:16px\">Email: <a href=\"mailto:kontakt@filigrand.de\">kontakt@filigrand.de<\/a><\/p>\n<\/div><figure class=\"wp-block-media-text__media\" style=\"background-image:url(https:\/\/filigrand.de\/wp-content\/uploads\/2024\/11\/Interior-Sofa-1024x1024.png);background-position:50% 50%\"><img loading=\"lazy\" decoding=\"async\" width=\"1024\" height=\"1024\" src=\"https:\/\/filigrand.de\/wp-content\/uploads\/2024\/11\/Interior-Sofa-1024x1024.png\" alt=\"\" class=\"wp-image-9311 size-full\" srcset=\"https:\/\/filigrand.de\/wp-content\/uploads\/2024\/11\/Interior-Sofa-1024x1024.png 1024w, https:\/\/filigrand.de\/wp-content\/uploads\/2024\/11\/Interior-Sofa-300x300.png 300w, https:\/\/filigrand.de\/wp-content\/uploads\/2024\/11\/Interior-Sofa-150x150.png 150w, https:\/\/filigrand.de\/wp-content\/uploads\/2024\/11\/Interior-Sofa-768x768.png 768w, https:\/\/filigrand.de\/wp-content\/uploads\/2024\/11\/Interior-Sofa-401x401.png 401w\" sizes=\"auto, (max-width: 1024px) 100vw, 1024px\" \/><\/figure><\/div>\n\n\n\n<p><\/p>\n","protected":false},"excerpt":{"rendered":"","protected":false},"author":1,"featured_media":0,"parent":0,"menu_order":0,"comment_status":"closed","ping_status":"closed","template":"template-pagetitle.php","meta":{"_uag_custom_page_level_css":"","footnotes":""},"class_list":["post-166","page","type-page","status-publish","hentry"],"yoast_head":"<!-- This site is optimized with the Yoast SEO plugin v27.4 - https:\/\/yoast.com\/product\/yoast-seo-wordpress\/ -->\n<title>Kontakt - Filigrand - hochwertige Sofabez\u00fcge f\u00fcr Ecksofa, L-Form etc. made in EU<\/title>\n<meta name=\"robots\" content=\"index, follow, max-snippet:-1, max-image-preview:large, max-video-preview:-1\" \/>\n<link rel=\"canonical\" href=\"https:\/\/filigrand.de\/?page_id=166\" \/>\n<meta property=\"og:locale\" content=\"de_DE\" \/>\n<meta property=\"og:type\" content=\"article\" \/>\n<meta property=\"og:title\" content=\"Kontakt - Filigrand - hochwertige Sofabez\u00fcge f\u00fcr Ecksofa, L-Form etc. made in EU\" \/>\n<meta property=\"og:url\" content=\"https:\/\/filigrand.de\/?page_id=166\" \/>\n<meta property=\"og:site_name\" content=\"Filigrand - hochwertige Sofabez\u00fcge f\u00fcr Ecksofa, L-Form etc. made in EU\" \/>\n<meta property=\"article:modified_time\" content=\"2024-11-06T15:15:53+00:00\" \/>\n<meta property=\"og:image\" content=\"https:\/\/filigrand.de\/wp-content\/uploads\/2024\/11\/Interior-Sofa.png\" \/>\n\t<meta property=\"og:image:width\" content=\"1080\" \/>\n\t<meta property=\"og:image:height\" content=\"1080\" \/>\n\t<meta property=\"og:image:type\" content=\"image\/png\" \/>\n<meta name=\"twitter:card\" content=\"summary_large_image\" \/>\n<meta name=\"twitter:label1\" content=\"Gesch\u00e4tzte Lesezeit\" \/>\n\t<meta name=\"twitter:data1\" content=\"1\u00a0Minute\" \/>\n<script type=\"application\/ld+json\" class=\"yoast-schema-graph\">{\"@context\":\"https:\\\/\\\/schema.org\",\"@graph\":[{\"@type\":\"WebPage\",\"@id\":\"https:\\\/\\\/filigrand.de\\\/?page_id=166\",\"url\":\"https:\\\/\\\/filigrand.de\\\/?page_id=166\",\"name\":\"Kontakt - Filigrand - hochwertige Sofabez\u00fcge f\u00fcr Ecksofa, L-Form etc. made in EU\",\"isPartOf\":{\"@id\":\"https:\\\/\\\/filigrand.de\\\/#website\"},\"primaryImageOfPage\":{\"@id\":\"https:\\\/\\\/filigrand.de\\\/?page_id=166#primaryimage\"},\"image\":{\"@id\":\"https:\\\/\\\/filigrand.de\\\/?page_id=166#primaryimage\"},\"thumbnailUrl\":\"https:\\\/\\\/filigrand.de\\\/wp-content\\\/uploads\\\/2024\\\/11\\\/Interior-Sofa-1024x1024.png\",\"datePublished\":\"2020-07-20T08:26:41+00:00\",\"dateModified\":\"2024-11-06T15:15:53+00:00\",\"breadcrumb\":{\"@id\":\"https:\\\/\\\/filigrand.de\\\/?page_id=166#breadcrumb\"},\"inLanguage\":\"de\",\"potentialAction\":[{\"@type\":\"ReadAction\",\"target\":[\"https:\\\/\\\/filigrand.de\\\/?page_id=166\"]}]},{\"@type\":\"ImageObject\",\"inLanguage\":\"de\",\"@id\":\"https:\\\/\\\/filigrand.de\\\/?page_id=166#primaryimage\",\"url\":\"https:\\\/\\\/filigrand.de\\\/wp-content\\\/uploads\\\/2024\\\/11\\\/Interior-Sofa.png\",\"contentUrl\":\"https:\\\/\\\/filigrand.de\\\/wp-content\\\/uploads\\\/2024\\\/11\\\/Interior-Sofa.png\",\"width\":1080,\"height\":1080},{\"@type\":\"BreadcrumbList\",\"@id\":\"https:\\\/\\\/filigrand.de\\\/?page_id=166#breadcrumb\",\"itemListElement\":[{\"@type\":\"ListItem\",\"position\":1,\"name\":\"Startseite\",\"item\":\"https:\\\/\\\/filigrand.de\\\/\"},{\"@type\":\"ListItem\",\"position\":2,\"name\":\"Kontakt\"}]},{\"@type\":\"WebSite\",\"@id\":\"https:\\\/\\\/filigrand.de\\\/#website\",\"url\":\"https:\\\/\\\/filigrand.de\\\/\",\"name\":\"Filigrand - hochwertige Sofabez\u00fcge f\u00fcr Ecksofa, L-Form etc. made in EU\",\"description\":\"Universelle hochelastische Sofabez\u00fcge, Sesselbez\u00fcge, Bettbez\u00fcge direkt aus Italien &amp; Spanien. Perfekte Passform und Halt.\",\"publisher\":{\"@id\":\"https:\\\/\\\/filigrand.de\\\/#organization\"},\"potentialAction\":[{\"@type\":\"SearchAction\",\"target\":{\"@type\":\"EntryPoint\",\"urlTemplate\":\"https:\\\/\\\/filigrand.de\\\/?s={search_term_string}\"},\"query-input\":{\"@type\":\"PropertyValueSpecification\",\"valueRequired\":true,\"valueName\":\"search_term_string\"}}],\"inLanguage\":\"de\"},{\"@type\":\"Organization\",\"@id\":\"https:\\\/\\\/filigrand.de\\\/#organization\",\"name\":\"Filigrand - hochwertige Sofabez\u00fcge f\u00fcr Ecksofa, L-Form etc. made in EU\",\"url\":\"https:\\\/\\\/filigrand.de\\\/\",\"logo\":{\"@type\":\"ImageObject\",\"inLanguage\":\"de\",\"@id\":\"https:\\\/\\\/filigrand.de\\\/#\\\/schema\\\/logo\\\/image\\\/\",\"url\":\"https:\\\/\\\/filigrand.de\\\/wp-content\\\/uploads\\\/2021\\\/03\\\/FILIGRAND-e1614628532288.png\",\"contentUrl\":\"https:\\\/\\\/filigrand.de\\\/wp-content\\\/uploads\\\/2021\\\/03\\\/FILIGRAND-e1614628532288.png\",\"width\":270,\"height\":200,\"caption\":\"Filigrand - hochwertige Sofabez\u00fcge f\u00fcr Ecksofa, L-Form etc. made in EU\"},\"image\":{\"@id\":\"https:\\\/\\\/filigrand.de\\\/#\\\/schema\\\/logo\\\/image\\\/\"},\"sameAs\":[\"https:\\\/\\\/www.instagram.com\\\/filigrand.de\\\/\"]}]}<\/script>\n<!-- \/ Yoast SEO plugin. -->","yoast_head_json":{"title":"Kontakt - Filigrand - hochwertige Sofabez\u00fcge f\u00fcr Ecksofa, L-Form etc. made in EU","robots":{"index":"index","follow":"follow","max-snippet":"max-snippet:-1","max-image-preview":"max-image-preview:large","max-video-preview":"max-video-preview:-1"},"canonical":"https:\/\/filigrand.de\/?page_id=166","og_locale":"de_DE","og_type":"article","og_title":"Kontakt - Filigrand - hochwertige Sofabez\u00fcge f\u00fcr Ecksofa, L-Form etc. made in EU","og_url":"https:\/\/filigrand.de\/?page_id=166","og_site_name":"Filigrand - hochwertige Sofabez\u00fcge f\u00fcr Ecksofa, L-Form etc. made in EU","article_modified_time":"2024-11-06T15:15:53+00:00","og_image":[{"width":1080,"height":1080,"url":"https:\/\/filigrand.de\/wp-content\/uploads\/2024\/11\/Interior-Sofa.png","type":"image\/png"}],"twitter_card":"summary_large_image","twitter_misc":{"Gesch\u00e4tzte Lesezeit":"1\u00a0Minute"},"schema":{"@context":"https:\/\/schema.org","@graph":[{"@type":"WebPage","@id":"https:\/\/filigrand.de\/?page_id=166","url":"https:\/\/filigrand.de\/?page_id=166","name":"Kontakt - Filigrand - hochwertige Sofabez\u00fcge f\u00fcr Ecksofa, L-Form etc. made in EU","isPartOf":{"@id":"https:\/\/filigrand.de\/#website"},"primaryImageOfPage":{"@id":"https:\/\/filigrand.de\/?page_id=166#primaryimage"},"image":{"@id":"https:\/\/filigrand.de\/?page_id=166#primaryimage"},"thumbnailUrl":"https:\/\/filigrand.de\/wp-content\/uploads\/2024\/11\/Interior-Sofa-1024x1024.png","datePublished":"2020-07-20T08:26:41+00:00","dateModified":"2024-11-06T15:15:53+00:00","breadcrumb":{"@id":"https:\/\/filigrand.de\/?page_id=166#breadcrumb"},"inLanguage":"de","potentialAction":[{"@type":"ReadAction","target":["https:\/\/filigrand.de\/?page_id=166"]}]},{"@type":"ImageObject","inLanguage":"de","@id":"https:\/\/filigrand.de\/?page_id=166#primaryimage","url":"https:\/\/filigrand.de\/wp-content\/uploads\/2024\/11\/Interior-Sofa.png","contentUrl":"https:\/\/filigrand.de\/wp-content\/uploads\/2024\/11\/Interior-Sofa.png","width":1080,"height":1080},{"@type":"BreadcrumbList","@id":"https:\/\/filigrand.de\/?page_id=166#breadcrumb","itemListElement":[{"@type":"ListItem","position":1,"name":"Startseite","item":"https:\/\/filigrand.de\/"},{"@type":"ListItem","position":2,"name":"Kontakt"}]},{"@type":"WebSite","@id":"https:\/\/filigrand.de\/#website","url":"https:\/\/filigrand.de\/","name":"Filigrand - hochwertige Sofabez\u00fcge f\u00fcr Ecksofa, L-Form etc. made in EU","description":"Universelle hochelastische Sofabez\u00fcge, Sesselbez\u00fcge, Bettbez\u00fcge direkt aus Italien &amp; Spanien. Perfekte Passform und Halt.","publisher":{"@id":"https:\/\/filigrand.de\/#organization"},"potentialAction":[{"@type":"SearchAction","target":{"@type":"EntryPoint","urlTemplate":"https:\/\/filigrand.de\/?s={search_term_string}"},"query-input":{"@type":"PropertyValueSpecification","valueRequired":true,"valueName":"search_term_string"}}],"inLanguage":"de"},{"@type":"Organization","@id":"https:\/\/filigrand.de\/#organization","name":"Filigrand - hochwertige Sofabez\u00fcge f\u00fcr Ecksofa, L-Form etc. made in EU","url":"https:\/\/filigrand.de\/","logo":{"@type":"ImageObject","inLanguage":"de","@id":"https:\/\/filigrand.de\/#\/schema\/logo\/image\/","url":"https:\/\/filigrand.de\/wp-content\/uploads\/2021\/03\/FILIGRAND-e1614628532288.png","contentUrl":"https:\/\/filigrand.de\/wp-content\/uploads\/2021\/03\/FILIGRAND-e1614628532288.png","width":270,"height":200,"caption":"Filigrand - hochwertige Sofabez\u00fcge f\u00fcr Ecksofa, L-Form etc. made in EU"},"image":{"@id":"https:\/\/filigrand.de\/#\/schema\/logo\/image\/"},"sameAs":["https:\/\/www.instagram.com\/filigrand.de\/"]}]}},"uagb_featured_image_src":{"full":false,"thumbnail":false,"medium":false,"medium_large":false,"large":false,"1536x1536":false,"2048x2048":false,"post-thumbnail":false,"restoration-rectangle":false,"restoration-single":false,"restoration-rectangle-mini":false,"restoration-rectangle-mobile":false,"restoration-rectangle-x2":false,"restoration-single-mini":false,"restoration-single-mobile":false,"restoration-single-x2":false,"woocommerce_thumbnail":false,"woocommerce_single":false,"woocommerce_gallery_thumbnail":false},"uagb_author_info":{"display_name":"Filigrand","author_link":"https:\/\/filigrand.de\/?author=1"},"uagb_comment_info":0,"uagb_excerpt":null,"_links":{"self":[{"href":"https:\/\/filigrand.de\/index.php?rest_route=\/wp\/v2\/pages\/166","targetHints":{"allow":["GET"]}}],"collection":[{"href":"https:\/\/filigrand.de\/index.php?rest_route=\/wp\/v2\/pages"}],"about":[{"href":"https:\/\/filigrand.de\/index.php?rest_route=\/wp\/v2\/types\/page"}],"author":[{"embeddable":true,"href":"https:\/\/filigrand.de\/index.php?rest_route=\/wp\/v2\/users\/1"}],"replies":[{"embeddable":true,"href":"https:\/\/filigrand.de\/index.php?rest_route=%2Fwp%2Fv2%2Fcomments&post=166"}],"version-history":[{"count":3,"href":"https:\/\/filigrand.de\/index.php?rest_route=\/wp\/v2\/pages\/166\/revisions"}],"predecessor-version":[{"id":9312,"href":"https:\/\/filigrand.de\/index.php?rest_route=\/wp\/v2\/pages\/166\/revisions\/9312"}],"wp:attachment":[{"href":"https:\/\/filigrand.de\/index.php?rest_route=%2Fwp%2Fv2%2Fmedia&parent=166"}],"curies":[{"name":"wp","href":"https:\/\/api.w.org\/{rel}","templated":true}]}}